{"id":52,"date":"2024-11-24T18:12:40","date_gmt":"2024-11-24T11:12:40","guid":{"rendered":"https:\/\/ruounuimuong.com\/?page_id=52"},"modified":"2025-02-22T17:50:50","modified_gmt":"2025-02-22T10:50:50","slug":"gioi-thieu","status":"publish","type":"page","link":"https:\/\/ruounuimuong.com\/index.php\/gioi-thieu\/","title":{"rendered":"Gi\u1edbi thi\u1ec7u"},"content":{"rendered":"\t\t<div data-elementor-type=\"wp-page\" data-elementor-id=\"52\" class=\"elementor elementor-52\">\n\t\t\t\t<div class=\"elementor-element elementor-element-74f003d9 e-flex e-con-boxed e-con e-parent\" data-id=\"74f003d9\" data-element_type=\"container\">\n\t\t\t\t\t<div class=\"e-con-inner\">\n\t\t\t\t<div class=\"elementor-element elementor-element-20f399f7 elementor-widget elementor-widget-text-editor\" data-id=\"20f399f7\" data-element_type=\"widget\" data-widget_type=\"text-editor.default\">\n\t\t\t\t<div class=\"elementor-widget-container\">\n\t\t\t\t\t\t\t<!-- wp:html --><!-- \/wp:html -->\t\t\t\t\t\t<\/div>\n\t\t\t\t<\/div>\n\t\t\t\t\t<\/div>\n\t\t\t\t<\/div>\n\t\t<div class=\"elementor-element elementor-element-f8936bc e-flex e-con-boxed e-con e-parent\" data-id=\"f8936bc\" data-element_type=\"container\">\n\t\t\t\t\t<div class=\"e-con-inner\">\n\t\t<div class=\"elementor-element elementor-element-4225e08 e-con-full e-flex e-con e-child\" data-id=\"4225e08\" data-element_type=\"container\">\n\t\t\t\t<div class=\"elementor-element elementor-element-72ba146 elementor-widget elementor-widget-image\" data-id=\"72ba146\" data-element_type=\"widget\" data-widget_type=\"image.default\">\n\t\t\t\t<div class=\"elementor-widget-container\">\n\t\t\t\t\t\t\t\t\t\t\t\t\t<img fetchpriority=\"high\" decoding=\"async\" width=\"683\" height=\"1024\" src=\"https:\/\/ruounuimuong.com\/wp-content\/uploads\/2025\/02\/7194649b-ec95-4a47-bb2c-4470caf11d28-683x1024.jpg\" class=\"attachment-large size-large wp-image-165\" alt=\"\" srcset=\"https:\/\/ruounuimuong.com\/wp-content\/uploads\/2025\/02\/7194649b-ec95-4a47-bb2c-4470caf11d28-683x1024.jpg 683w, https:\/\/ruounuimuong.com\/wp-content\/uploads\/2025\/02\/7194649b-ec95-4a47-bb2c-4470caf11d28-200x300.jpg 200w, https:\/\/ruounuimuong.com\/wp-content\/uploads\/2025\/02\/7194649b-ec95-4a47-bb2c-4470caf11d28-768x1152.jpg 768w, https:\/\/ruounuimuong.com\/wp-content\/uploads\/2025\/02\/7194649b-ec95-4a47-bb2c-4470caf11d28-1024x1536.jpg 1024w, https:\/\/ruounuimuong.com\/wp-content\/uploads\/2025\/02\/7194649b-ec95-4a47-bb2c-4470caf11d28-1366x2048.jpg 1366w, https:\/\/ruounuimuong.com\/wp-content\/uploads\/2025\/02\/7194649b-ec95-4a47-bb2c-4470caf11d28-600x900.jpg 600w, https:\/\/ruounuimuong.com\/wp-content\/uploads\/2025\/02\/7194649b-ec95-4a47-bb2c-4470caf11d28.jpg 1707w\" sizes=\"(max-width: 683px) 100vw, 683px\" \/>\t\t\t\t\t\t\t\t\t\t\t\t\t<\/div>\n\t\t\t\t<\/div>\n\t\t\t\t<\/div>\n\t\t<div class=\"elementor-element elementor-element-c9911ae e-con-full e-flex e-con e-child\" data-id=\"c9911ae\" data-element_type=\"container\">\n\t\t\t\t<div class=\"elementor-element elementor-element-53eed1e elementor-widget elementor-widget-heading\" data-id=\"53eed1e\" data-element_type=\"widget\" data-widget_type=\"heading.default\">\n\t\t\t\t<div class=\"elementor-widget-container\">\n\t\t\t<h2 class=\"elementor-heading-title elementor-size-default\">GI\u1edaI THI\u1ec6U V\u1ec0 DOANH NGHI\u1ec6P<\/h2>\t\t<\/div>\n\t\t\t\t<\/div>\n\t\t\t\t<div class=\"elementor-element elementor-element-d8b2448 elementor-widget elementor-widget-text-editor\" data-id=\"d8b2448\" data-element_type=\"widget\" data-widget_type=\"text-editor.default\">\n\t\t\t\t<div class=\"elementor-widget-container\">\n\t\t\t\t\t\t\t<p><span style=\"color: #081b3a; font-family: SegoeuiPc, 'Segoe UI', 'San Francisco', 'Helvetica Neue', Helvetica, 'Lucida Grande', Roboto, Ubuntu, Tahoma, 'Microsoft Sans Serif', Arial, sans-serif; font-size: 15px; letter-spacing: 0.2px; white-space-collapse: preserve;\">R\u01b0\u1ee3u N\u00fai M\u01b0\u1eddng &#8211; th\u01b0\u01a1ng hi\u1ec7u r\u01b0\u1ee3u th\u1ee7 c\u00f4ng c\u00f3 kinh nghi\u1ec7m tr\u00ean 15 n\u0103m t\u1ea1i th\u1ecb tr\u01b0\u1eddng L\u00e0o Cai n\u00f3i ri\u00eang v\u00e0 c\u1ea3 n\u01b0\u1edbc n\u00f3i chung. L\u00e0 th\u01b0\u01a1ng hi\u1ec7u n\u1ed5i b\u1eadt v\u1edbi c\u00e1c s\u1ea3n ph\u1ea9m r\u01b0\u1ee3u \u0111\u01b0\u1ee3c n\u1ea5u t\u1eeb lo\u1ea1i g\u1ea1o ngon, ng\u00e2m v\u1edbi tr\u00e1i c\u00e2y t\u1ef1 nhi\u00ean ch\u1ec9 c\u00f3 t\u1ea1i v\u00f9ng \u0111\u1ea5t L\u00e0o Cai &#8211; Y\u00ean B\u00e1i. R\u01b0\u1ee3u N\u00fai M\u01b0\u1eddng kh\u00f4ng ch\u1ec9 mang l\u1ea1i h\u01b0\u01a1ng v\u1ecb truy\u1ec1n th\u1ed1ng tuy\u1ec7t v\u1eddi, m\u00e0 c\u00f2n th\u1ec3 hi\u1ec7n \u0111\u1eb3ng c\u1ea5p v\u00e0 phong c\u00e1ch ri\u00eang bi\u1ec7t, gi\u1eef ch\u1ecdn h\u01b0\u01a1ng v\u1ecb t\u1ef1 nhi\u00ean c\u1ee7a hoa qu\u1ea3, b\u1ea3o to\u00e0n t\u00ednh \u0111\u1ed9c \u0111\u00e1o c\u1ee7a t\u1eebng lo\u1ea1i tr\u00e1i c\u00e2y. R\u01b0\u1ee3u N\u00fai M\u01b0\u1eddng r\u1ea5t nhi\u1ec1u d\u00f2ng s\u1ea3n ph\u1ea9m ng\u00e2m hoa qu\u1ea3 kh\u00e1c nhau, ph\u00f9 h\u1ee3p v\u1edbi m\u1ecdi s\u1ef1 ki\u1ec7n k\u1ec3 c\u1ea3 nh\u1eefng b\u1eefa c\u01a1m h\u00e0ng ng\u00e0y.<\/span><\/p>\t\t\t\t\t\t<\/div>\n\t\t\t\t<\/div>\n\t\t\t\t<\/div>\n\t\t\t\t\t<\/div>\n\t\t\t\t<\/div>\n\t\t\t\t<\/div>\n\t\t","protected":false},"excerpt":{"rendered":"<p>GI\u1edaI THI\u1ec6U V\u1ec0 DOANH NGHI\u1ec6P R\u01b0\u1ee3u N\u00fai M\u01b0\u1eddng &#8211; th\u01b0\u01a1ng hi\u1ec7u r\u01b0\u1ee3u th\u1ee7 c\u00f4ng c\u00f3 kinh nghi\u1ec7m tr\u00ean 15 n\u0103m t\u1ea1i th\u1ecb tr\u01b0\u1eddng L\u00e0o Cai n\u00f3i ri\u00eang v\u00e0 c\u1ea3 n\u01b0\u1edbc n\u00f3i chung. L\u00e0 th\u01b0\u01a1ng hi\u1ec7u n\u1ed5i b\u1eadt v\u1edbi c\u00e1c s\u1ea3n ph\u1ea9m r\u01b0\u1ee3u \u0111\u01b0\u1ee3c n\u1ea5u t\u1eeb lo\u1ea1i g\u1ea1o ngon, ng\u00e2m v\u1edbi tr\u00e1i c\u00e2y t\u1ef1 nhi\u00ean ch\u1ec9 [&#8230;]\n","protected":false},"author":1,"featured_media":0,"parent":0,"menu_order":0,"comment_status":"closed","ping_status":"closed","template":"","meta":{"_uag_custom_page_level_css":"","footnotes":""},"class_list":["post-52","page","type-page","status-publish","hentry"],"uagb_featured_image_src":{"full":false,"thumbnail":false,"medium":false,"medium_large":false,"large":false,"1536x1536":false,"2048x2048":false,"woocommerce_thumbnail":false,"woocommerce_single":false,"woocommerce_gallery_thumbnail":false},"uagb_author_info":{"display_name":"ruounuimuong","author_link":"https:\/\/ruounuimuong.com\/index.php\/author\/ruounuimuong\/"},"uagb_comment_info":0,"uagb_excerpt":"GI\u1edaI THI\u1ec6U V\u1ec0 DOANH NGHI\u1ec6P R\u01b0\u1ee3u N\u00fai M\u01b0\u1eddng &#8211; th\u01b0\u01a1ng hi\u1ec7u r\u01b0\u1ee3u th\u1ee7 c\u00f4ng c\u00f3 kinh nghi\u1ec7m tr\u00ean 15 n\u0103m t\u1ea1i th\u1ecb tr\u01b0\u1eddng L\u00e0o Cai n\u00f3i ri\u00eang v\u00e0 c\u1ea3 n\u01b0\u1edbc n\u00f3i chung. L\u00e0 th\u01b0\u01a1ng hi\u1ec7u n\u1ed5i b\u1eadt v\u1edbi c\u00e1c s\u1ea3n ph\u1ea9m r\u01b0\u1ee3u \u0111\u01b0\u1ee3c n\u1ea5u t\u1eeb lo\u1ea1i g\u1ea1o ngon, ng\u00e2m v\u1edbi tr\u00e1i c\u00e2y t\u1ef1 nhi\u00ean ch\u1ec9&hellip;","_links":{"self":[{"href":"https:\/\/ruounuimuong.com\/index.php\/wp-json\/wp\/v2\/pages\/52","targetHints":{"allow":["GET"]}}],"collection":[{"href":"https:\/\/ruounuimuong.com\/index.php\/wp-json\/wp\/v2\/pages"}],"about":[{"href":"https:\/\/ruounuimuong.com\/index.php\/wp-json\/wp\/v2\/types\/page"}],"author":[{"embeddable":true,"href":"https:\/\/ruounuimuong.com\/index.php\/wp-json\/wp\/v2\/users\/1"}],"replies":[{"embeddable":true,"href":"https:\/\/ruounuimuong.com\/index.php\/wp-json\/wp\/v2\/comments?post=52"}],"version-history":[{"count":13,"href":"https:\/\/ruounuimuong.com\/index.php\/wp-json\/wp\/v2\/pages\/52\/revisions"}],"predecessor-version":[{"id":168,"href":"https:\/\/ruounuimuong.com\/index.php\/wp-json\/wp\/v2\/pages\/52\/revisions\/168"}],"wp:attachment":[{"href":"https:\/\/ruounuimuong.com\/index.php\/wp-json\/wp\/v2\/media?parent=52"}],"curies":[{"name":"wp","href":"https:\/\/api.w.org\/{rel}","templated":true}]}}