{"id":153,"date":"2025-02-22T17:07:53","date_gmt":"2025-02-22T10:07:53","guid":{"rendered":"https:\/\/ruounuimuong.com\/?post_type=product&#038;p=153"},"modified":"2025-11-15T18:02:47","modified_gmt":"2025-11-15T11:02:47","slug":"ruou-nui-muong","status":"publish","type":"product","link":"https:\/\/ruounuimuong.com\/index.php\/san-pham\/ruou-nui-muong\/","title":{"rendered":"R\u01b0\u1ee3u n\u00fai m\u01b0\u1eddng"},"content":{"rendered":"<p data-start=\"0\" data-end=\"48\"><strong data-start=\"0\" data-end=\"46\">R\u01af\u1ee2U N\u00daI M\u01af\u1edcNG \u2013 TINH HOA \u1ea8M TH\u1ef0C N\u00daI R\u1eeaNG<\/strong><\/p>\n<p data-start=\"50\" data-end=\"248\">R\u01b0\u1ee3u N\u00fai M\u01b0\u1eddng l\u00e0 m\u1ed9t \u0111\u1eb7c s\u1ea3n n\u1ed5i ti\u1ebfng c\u1ee7a v\u00f9ng n\u00fai T\u00e2y B\u1eafc, \u0111\u1eb7c bi\u1ec7t ph\u1ed5 bi\u1ebfn \u1edf Y\u00ean B\u00e1i. \u0110\u00e2y kh\u00f4ng ch\u1ec9 l\u00e0 m\u1ed9t lo\u1ea1i r\u01b0\u1ee3u truy\u1ec1n th\u1ed1ng m\u00e0 c\u00f2n mang \u0111\u1eadm b\u1ea3n s\u1eafc v\u0103n h\u00f3a c\u1ee7a \u0111\u1ed3ng b\u00e0o d\u00e2n t\u1ed9c n\u01a1i \u0111\u00e2y.<\/p>\n<h3 data-start=\"250\" data-end=\"289\"><strong data-start=\"254\" data-end=\"287\">1. Ngu\u1ed3n g\u1ed1c v\u00e0 c\u00e1ch ch\u1ebf bi\u1ebfn<\/strong><\/h3>\n<p data-start=\"290\" data-end=\"618\">R\u01b0\u1ee3u N\u00fai M\u01b0\u1eddng \u0111\u01b0\u1ee3c n\u1ea5u theo ph\u01b0\u01a1ng ph\u00e1p c\u1ed5 truy\u1ec1n t\u1eeb g\u1ea1o n\u1ebfp n\u01b0\u01a1ng, m\u1ed9t lo\u1ea1i g\u1ea1o th\u01a1m ngon \u0111\u1eb7c tr\u01b0ng c\u1ee7a v\u00f9ng n\u00fai T\u00e2y B\u1eafc. Qu\u00e1 tr\u00ecnh l\u00ean men s\u1eed d\u1ee5ng men l\u00e1 \u2013 s\u1ef1 k\u1ebft h\u1ee3p c\u1ee7a nhi\u1ec1u lo\u1ea1i th\u1ea3o d\u01b0\u1ee3c t\u1ef1 nhi\u00ean, gi\u00fap t\u1ea1o n\u00ean h\u01b0\u01a1ng v\u1ecb \u0111\u1eb7c tr\u01b0ng ri\u00eang bi\u1ec7t. R\u01b0\u1ee3u \u0111\u01b0\u1ee3c \u1ee7 trong th\u1eddi gian d\u00e0i \u0111\u1ec3 \u0111\u1ea3m b\u1ea3o \u0111\u1ed9 trong, th\u01a1m v\u00e0 h\u1eadu v\u1ecb ng\u1ecdt nh\u1eb9.<\/p>\n<h3 data-start=\"620\" data-end=\"651\"><strong data-start=\"624\" data-end=\"649\">2. H\u01b0\u01a1ng v\u1ecb \u0111\u1eb7c tr\u01b0ng<\/strong><\/h3>\n<p data-start=\"652\" data-end=\"899\">R\u01b0\u1ee3u N\u00fai M\u01b0\u1eddng c\u00f3 m\u00e0u tr\u1eafng trong, khi u\u1ed1ng c\u00f3 v\u1ecb \u00eam d\u1ecbu, th\u01a1m n\u1ed3ng, kh\u00f4ng g\u1eaft c\u1ed5 nh\u01b0 c\u00e1c lo\u1ea1i r\u01b0\u1ee3u c\u00f4ng nghi\u1ec7p. \u0110i\u1ec3m \u0111\u1eb7c bi\u1ec7t c\u1ee7a lo\u1ea1i r\u01b0\u1ee3u n\u00e0y l\u00e0 h\u01b0\u01a1ng v\u1ecb \u1ea5m \u00e1p, c\u00f3 s\u1ef1 h\u00f2a quy\u1ec7n c\u1ee7a men r\u1eebng t\u1ef1 nhi\u00ean, mang \u0111\u1ebfn c\u1ea3m gi\u00e1c d\u1ec5 ch\u1ecbu khi th\u01b0\u1edfng th\u1ee9c.<\/p>\n","protected":false},"excerpt":{"rendered":"<p>R\u01af\u1ee2U N\u00daI M\u01af\u1edcNG \u2013 TINH HOA \u1ea8M TH\u1ef0C N\u00daI R\u1eeaNG R\u01b0\u1ee3u N\u00fai M\u01b0\u1eddng l\u00e0 m\u1ed9t \u0111\u1eb7c s\u1ea3n n\u1ed5i ti\u1ebfng c\u1ee7a v\u00f9ng n\u00fai T\u00e2y B\u1eafc, \u0111\u1eb7c bi\u1ec7t ph\u1ed5 bi\u1ebfn \u1edf Y\u00ean B\u00e1i. \u0110\u00e2y kh\u00f4ng ch\u1ec9 l\u00e0 m\u1ed9t lo\u1ea1i r\u01b0\u1ee3u truy\u1ec1n th\u1ed1ng m\u00e0 c\u00f2n mang \u0111\u1eadm b\u1ea3n s\u1eafc v\u0103n h\u00f3a c\u1ee7a \u0111\u1ed3ng b\u00e0o d\u00e2n t\u1ed9c n\u01a1i \u0111\u00e2y. [&#8230;]\n","protected":false},"featured_media":154,"comment_status":"open","ping_status":"closed","template":"","meta":{"_uag_custom_page_level_css":""},"product_cat":[18],"product_tag":[],"class_list":{"0":"post-153","1":"product","2":"type-product","3":"status-publish","4":"has-post-thumbnail","6":"product_cat-ruou-nui-muong","8":"first","9":"instock","10":"shipping-taxable","11":"product-type-simple"},"uagb_featured_image_src":{"full":["https:\/\/ruounuimuong.com\/wp-content\/uploads\/2025\/02\/Ruou-nui-muong-500ml-scaled.jpg",1707,2560,false],"thumbnail":["https:\/\/ruounuimuong.com\/wp-content\/uploads\/2025\/02\/Ruou-nui-muong-500ml-150x150.jpg",150,150,true],"medium":["https:\/\/ruounuimuong.com\/wp-content\/uploads\/2025\/02\/Ruou-nui-muong-500ml-200x300.jpg",200,300,true],"medium_large":["https:\/\/ruounuimuong.com\/wp-content\/uploads\/2025\/02\/Ruou-nui-muong-500ml-768x1152.jpg",768,1152,true],"large":["https:\/\/ruounuimuong.com\/wp-content\/uploads\/2025\/02\/Ruou-nui-muong-500ml-683x1024.jpg",683,1024,true],"1536x1536":["https:\/\/ruounuimuong.com\/wp-content\/uploads\/2025\/02\/Ruou-nui-muong-500ml-1024x1536.jpg",1024,1536,true],"2048x2048":["https:\/\/ruounuimuong.com\/wp-content\/uploads\/2025\/02\/Ruou-nui-muong-500ml-1365x2048.jpg",1365,2048,true],"woocommerce_thumbnail":["https:\/\/ruounuimuong.com\/wp-content\/uploads\/2025\/02\/Ruou-nui-muong-500ml-300x300.jpg",300,300,true],"woocommerce_single":["https:\/\/ruounuimuong.com\/wp-content\/uploads\/2025\/02\/Ruou-nui-muong-500ml-600x900.jpg",600,900,true],"woocommerce_gallery_thumbnail":["https:\/\/ruounuimuong.com\/wp-content\/uploads\/2025\/02\/Ruou-nui-muong-500ml-100x100.jpg",100,100,true]},"uagb_author_info":{"display_name":"ruounuimuong","author_link":"https:\/\/ruounuimuong.com\/index.php\/author\/"},"uagb_comment_info":25,"uagb_excerpt":"R\u01af\u1ee2U N\u00daI M\u01af\u1edcNG \u2013 TINH HOA \u1ea8M TH\u1ef0C N\u00daI R\u1eeaNG R\u01b0\u1ee3u N\u00fai M\u01b0\u1eddng l\u00e0 m\u1ed9t \u0111\u1eb7c s\u1ea3n n\u1ed5i ti\u1ebfng c\u1ee7a v\u00f9ng n\u00fai T\u00e2y B\u1eafc, \u0111\u1eb7c bi\u1ec7t ph\u1ed5 bi\u1ebfn \u1edf Y\u00ean B\u00e1i. \u0110\u00e2y kh\u00f4ng ch\u1ec9 l\u00e0 m\u1ed9t lo\u1ea1i r\u01b0\u1ee3u truy\u1ec1n th\u1ed1ng m\u00e0 c\u00f2n mang \u0111\u1eadm b\u1ea3n s\u1eafc v\u0103n h\u00f3a c\u1ee7a \u0111\u1ed3ng b\u00e0o d\u00e2n t\u1ed9c n\u01a1i \u0111\u00e2y.&hellip;","_links":{"self":[{"href":"https:\/\/ruounuimuong.com\/index.php\/wp-json\/wp\/v2\/product\/153","targetHints":{"allow":["GET"]}}],"collection":[{"href":"https:\/\/ruounuimuong.com\/index.php\/wp-json\/wp\/v2\/product"}],"about":[{"href":"https:\/\/ruounuimuong.com\/index.php\/wp-json\/wp\/v2\/types\/product"}],"replies":[{"embeddable":true,"href":"https:\/\/ruounuimuong.com\/index.php\/wp-json\/wp\/v2\/comments?post=153"}],"wp:featuredmedia":[{"embeddable":true,"href":"https:\/\/ruounuimuong.com\/index.php\/wp-json\/wp\/v2\/media\/154"}],"wp:attachment":[{"href":"https:\/\/ruounuimuong.com\/index.php\/wp-json\/wp\/v2\/media?parent=153"}],"wp:term":[{"taxonomy":"product_cat","embeddable":true,"href":"https:\/\/ruounuimuong.com\/index.php\/wp-json\/wp\/v2\/product_cat?post=153"},{"taxonomy":"product_tag","embeddable":true,"href":"https:\/\/ruounuimuong.com\/index.php\/wp-json\/wp\/v2\/product_tag?post=153"}],"curies":[{"name":"wp","href":"https:\/\/api.w.org\/{rel}","templated":true}]}}